{"id":1111,"date":"2016-11-28T18:29:33","date_gmt":"2016-11-28T17:29:33","guid":{"rendered":"https:\/\/www.voncoers.com\/?page_id=1111&#038;lang=fr"},"modified":"2026-03-08T20:53:54","modified_gmt":"2026-03-08T19:53:54","slug":"mes-mesures","status":"publish","type":"page","link":"https:\/\/www.voncoers.com\/fr\/mes-mesures\/","title":{"rendered":"Mes mesures"},"content":{"rendered":"<div class=\"et_pb_section_0 et_pb_section et_section_regular et_block_section\"><div class=\"et_pb_row_0 et_pb_row et_pb_gutters3 et_block_row\"><div class=\"et_pb_column_0 et_pb_column et_pb_column_4_4 et-last-child et_block_column et_pb_css_mix_blend_mode_passthrough\"><div class=\"et_pb_text_0 et_pb_text et_pb_bg_layout_light et_pb_module et_block_module et_pb_text_align_left\"><div class=\"et_pb_text_inner\"><h1>comment prendre ses mesures<\/h1>\n<p>&nbsp;<\/p>\n<p>Prendre ses mesures avec pr&eacute;cision est le plus important pour avoir un v&ecirc;tement sur-mesure. Le mieux serait si quelqu'un peut vous aider, mais si vous le faites vous-m&ecirc;me mettez vous en face d'un miroir. &nbsp;Assurez-vous que le m&egrave;tre ruban est au m&ecirc;m niveau devant et arri&egrave;re. Ne mesurez pas trop l&acirc;che ni trop serr&eacute;. &nbsp;Si vous n'avez pas un m&egrave;tre ruban prenez un morceau de ruban ou scotch pli&eacute; et prenez vous mesures avec. Mesurez vos mensuration sur un r&egrave;gle<\/p>\n<p>Si vos mensurations ne sont pas parmis les options &ccedil;a veut dire que votre taille n'est malheureusement pas disponible. Contactez-moi et peut &ecirc;tre je peux vous proposer une autre solution.<\/p>\n<\/div><\/div><\/div><\/div><div class=\"et_pb_row_1 et_pb_row et_pb_gutters3 et_block_row\"><div class=\"et_pb_column_1 et_pb_column et_pb_column_1_3 et_block_column et_pb_css_mix_blend_mode_passthrough\"><div class=\"et_pb_text_1 et_pb_text et_pb_bg_layout_light et_pb_module et_block_module et_pb_text_align_left\"><div class=\"et_pb_text_inner\"><\/div><\/div><div class=\"et_pb_image_0 et_pb_image et_pb_module et_block_module\"><span class=\"et_pb_image_wrap\"><img loading=\"lazy\" decoding=\"async\" src=\"http:\/\/www.voncoers.com\/new\/wp-content\/uploads\/2016\/10\/paspop.jpg\" width=\"900\" height=\"1920\" srcset=\"https:\/\/www.voncoers.com\/new\/wp-content\/uploads\/2016\/10\/paspop.jpg 900w, https:\/\/www.voncoers.com\/new\/wp-content\/uploads\/2016\/10\/paspop-510x1088.jpg 510w, https:\/\/www.voncoers.com\/new\/wp-content\/uploads\/2016\/10\/paspop-141x300.jpg 141w, https:\/\/www.voncoers.com\/new\/wp-content\/uploads\/2016\/10\/paspop-768x1638.jpg 768w, https:\/\/www.voncoers.com\/new\/wp-content\/uploads\/2016\/10\/paspop-480x1024.jpg 480w\" sizes=\"(max-width: 900px) 100vw, 900px\" class=\"wp-image-923\" \/><\/span><\/div><\/div><div class=\"et_pb_column_2 et_pb_column et_pb_column_2_3 et-last-child et_block_column et_pb_css_mix_blend_mode_passthrough\"><div class=\"et_pb_text_2 et_pb_text et_pb_bg_layout_light et_pb_module et_block_module et_pb_text_align_left\"><div class=\"et_pb_text_inner\"><h3 style=\"text-align: right;\"><\/h3>\n<p>1. <span style=\"text-decoration: underline;\">Tour de poitrine<\/span>: \u00a0mesurez autour de la partie le plus large de votre poitrine. Portez un soutien-gorge quand vous prenez vos mesures.<\/p>\n<p style=\"text-align: left;\">2. <span style=\"text-decoration: underline;\">Tour de taille<\/span>: \u00a0Mesurez autour de la partie le plus creux de votre taille, environ 2 centim\u00e8tres au-dessus de votre nombril.<\/p>\n<p style=\"text-align: left;\">3. <span style=\"text-decoration: underline;\">Tour de hanches<\/span>: \u00a0Mesurez autour de la partie le plus large de vos hanches. R\u00e9gardez bien dans le miroir, il peut que \u00e7a se trouve plus bas que vous pensez!<\/p>\n<p style=\"text-align: left;\">4. <span style=\"text-decoration: underline;\">De l'\u00e9paule jusqu'\u00e0 la taille<\/span>: \u00a0mesurez verticalement de l'\u00e9paule (\u00e0 cot\u00e9 du cou), par dessus votre poitrine jusqu'a votre taille.<\/p>\n<p style=\"text-align: left;\">5. <span style=\"text-decoration: underline;\">De la taille jusqu'\u00e0 la hanche<\/span>: \u00a0mesurez verticalement de la taille jusqu'\u00e0 vos hanches. Prenez cette mesure sur le devant, <span style=\"text-decoration: underline;\">pas<\/span> sur le cot\u00e9 de votre corps.<\/p>\n<p style=\"text-align: left;\">6. <span style=\"text-decoration: underline;\">Longueur de robe<\/span>: \u00a0mesurez verticalement \u00e0 partir de votre \u00e9paule (\u00e0 cot\u00e9 votre cou) par dessus votre poitrine jusqu'\u00e0 la longueur d\u00e9sir\u00e9e.<\/p>\n<\/div><\/div><\/div><\/div><\/div>","protected":false},"excerpt":{"rendered":"","protected":false},"author":3,"featured_media":0,"parent":0,"menu_order":0,"comment_status":"closed","ping_status":"closed","template":"","meta":{"footnotes":""},"class_list":["post-1111","page","type-page","status-publish","hentry"],"_links":{"self":[{"href":"https:\/\/www.voncoers.com\/fr\/wp-json\/wp\/v2\/pages\/1111","targetHints":{"allow":["GET"]}}],"collection":[{"href":"https:\/\/www.voncoers.com\/fr\/wp-json\/wp\/v2\/pages"}],"about":[{"href":"https:\/\/www.voncoers.com\/fr\/wp-json\/wp\/v2\/types\/page"}],"author":[{"embeddable":true,"href":"https:\/\/www.voncoers.com\/fr\/wp-json\/wp\/v2\/users\/3"}],"replies":[{"embeddable":true,"href":"https:\/\/www.voncoers.com\/fr\/wp-json\/wp\/v2\/comments?post=1111"}],"version-history":[{"count":11,"href":"https:\/\/www.voncoers.com\/fr\/wp-json\/wp\/v2\/pages\/1111\/revisions"}],"predecessor-version":[{"id":2236,"href":"https:\/\/www.voncoers.com\/fr\/wp-json\/wp\/v2\/pages\/1111\/revisions\/2236"}],"wp:attachment":[{"href":"https:\/\/www.voncoers.com\/fr\/wp-json\/wp\/v2\/media?parent=1111"}],"curies":[{"name":"wp","href":"https:\/\/api.w.org\/{rel}","templated":true}]}}