{"id":1115,"date":"2016-10-25T20:23:06","date_gmt":"2016-10-25T18:23:06","guid":{"rendered":"https:\/\/www.voncoers.com\/?page_id=1115&#038;lang=fr"},"modified":"2026-03-08T20:53:53","modified_gmt":"2026-03-08T19:53:53","slug":"options","status":"publish","type":"page","link":"https:\/\/www.voncoers.com\/fr\/options\/","title":{"rendered":"Options"},"content":{"rendered":"<div class=\"et_pb_section_0 et_pb_section et_section_regular et_block_section\"><div class=\"et_pb_row_0 et_pb_row et_pb_gutters3 et_block_row\"><div class=\"et_pb_column_0 et_pb_column et_pb_column_4_4 et-last-child et_block_column et_pb_css_mix_blend_mode_passthrough\"><div class=\"et_pb_text_0 et_pb_text et_pb_bg_layout_light et_pb_module et_block_module et_pb_text_align_left\"><div class=\"et_pb_text_inner\"><h1>options En detail<\/h1>\n<p>Lorsque vous passez une commande, vous devez faire un choix entre les options propos\u00e9es. Il ya un bouton \"VOIR OPTIONS\" qui vous am\u00e8ne \u00e0 cette page o\u00f9 vous pouvez les voir en d\u00e9tail.<\/p>\n<p>Une fois que vous avez vu les options propos\u00e9es, vous pouvez fermer cette page et continuer votre commande.<\/p>\n<\/div><\/div><\/div><\/div><\/div><div class=\"et_pb_section_1 et_pb_section et_section_regular et_block_section\"><div class=\"et_pb_row_1 et_pb_row et_pb_gutters3 et_block_row\"><div class=\"et_pb_column_1 et_pb_column et_pb_column_4_4 et-last-child et_block_column et_pb_css_mix_blend_mode_passthrough\"><div class=\"et_pb_text_1 et_pb_text et_pb_bg_layout_light et_pb_module et_block_module et_pb_text_align_left\"><div class=\"et_pb_text_inner\"><h1>OPTIONS EncolureS<\/h1>\n<\/div><\/div><\/div><\/div><\/div><div class=\"et_pb_section_2 et_pb_section et_section_regular et_block_section\"><div class=\"et_pb_row_2 et_pb_row et_pb_gutters3 et_block_row\"><div class=\"et_pb_column_2 et_pb_column et_pb_column_1_3 et_block_column et_pb_css_mix_blend_mode_passthrough\"><div class=\"et_pb_blurb_0 et_pb_blurb et_pb_bg_layout_light et_pb_text_align_center et_pb_blurb_position_top et_pb_module et_block_module\"><div class=\"et_pb_blurb_content\"><div class=\"et_pb_main_blurb_image\"><span class=\"et_pb_image_wrap et_pb_only_image_mode_wrap\"><img loading=\"lazy\" decoding=\"async\" src=\"https:\/\/www.voncoers.com\/new\/wp-content\/uploads\/2016\/12\/V-shaped-neckline-1.jpg\" width=\"500\" height=\"250\" srcset=\"https:\/\/www.voncoers.com\/new\/wp-content\/uploads\/2016\/12\/V-shaped-neckline-1.jpg 500w, https:\/\/www.voncoers.com\/new\/wp-content\/uploads\/2016\/12\/V-shaped-neckline-1-300x150.jpg 300w\" sizes=\"(max-width: 500px) 100vw, 500px\" class=\"et-waypoint et_pb_animation_off et_pb_animation_off_tablet et_pb_animation_off_phone wp-image-1448\" \/><\/span><\/div><div class=\"et_pb_blurb_container\"><h4 class=\"et_pb_module_header\">Encolure en v<\/h4><div class=\"et_pb_blurb_description\"><\/div><\/div><\/div><\/div><\/div><div class=\"et_pb_column_3 et_pb_column et_pb_column_1_3 et_block_column et_pb_css_mix_blend_mode_passthrough\"><div class=\"et_pb_blurb_1 et_pb_blurb et_pb_bg_layout_light et_pb_text_align_center et_pb_blurb_position_top et_pb_module et_block_module\"><div class=\"et_pb_blurb_content\"><div class=\"et_pb_main_blurb_image\"><span class=\"et_pb_image_wrap et_pb_only_image_mode_wrap\"><img loading=\"lazy\" decoding=\"async\" src=\"https:\/\/www.voncoers.com\/new\/wp-content\/uploads\/2016\/12\/Round-neckline-1.jpg\" width=\"500\" height=\"250\" srcset=\"https:\/\/www.voncoers.com\/new\/wp-content\/uploads\/2016\/12\/Round-neckline-1.jpg 500w, https:\/\/www.voncoers.com\/new\/wp-content\/uploads\/2016\/12\/Round-neckline-1-300x150.jpg 300w\" sizes=\"(max-width: 500px) 100vw, 500px\" class=\"et-waypoint et_pb_animation_off et_pb_animation_off_tablet et_pb_animation_off_phone wp-image-1454\" \/><\/span><\/div><div class=\"et_pb_blurb_container\"><h4 class=\"et_pb_module_header\">encolure ronde<\/h4><div class=\"et_pb_blurb_description\"><\/div><\/div><\/div><\/div><\/div><div class=\"et_pb_column_4 et_pb_column et_pb_column_1_3 et-last-child et_block_column et_pb_css_mix_blend_mode_passthrough\"><div class=\"et_pb_blurb_2 et_pb_blurb et_pb_bg_layout_light et_pb_text_align_center et_pb_blurb_position_top et_pb_module et_block_module\"><div class=\"et_pb_blurb_content\"><div class=\"et_pb_main_blurb_image\"><span class=\"et_pb_image_wrap et_pb_only_image_mode_wrap\"><img loading=\"lazy\" decoding=\"async\" src=\"https:\/\/www.voncoers.com\/new\/wp-content\/uploads\/2016\/12\/U-shaped-neckline-2.jpg\" width=\"500\" height=\"250\" srcset=\"https:\/\/www.voncoers.com\/new\/wp-content\/uploads\/2016\/12\/U-shaped-neckline-2.jpg 500w, https:\/\/www.voncoers.com\/new\/wp-content\/uploads\/2016\/12\/U-shaped-neckline-2-300x150.jpg 300w\" sizes=\"(max-width: 500px) 100vw, 500px\" class=\"et-waypoint et_pb_animation_off et_pb_animation_off_tablet et_pb_animation_off_phone wp-image-1522\" \/><\/span><\/div><div class=\"et_pb_blurb_container\"><h4 class=\"et_pb_module_header\">encolure en u<\/h4><div class=\"et_pb_blurb_description\"><\/div><\/div><\/div><\/div><\/div><\/div><\/div><div class=\"et_pb_section_3 et_pb_section et_section_regular et_block_section\"><div class=\"et_pb_row_3 et_pb_row et_pb_gutters3 et_block_row\"><div class=\"et_pb_column_5 et_pb_column et_pb_column_4_4 et-last-child et_block_column et_pb_css_mix_blend_mode_passthrough\"><div class=\"et_pb_text_2 et_pb_text et_pb_bg_layout_light et_pb_module et_block_module et_pb_text_align_left\"><div class=\"et_pb_text_inner\"><h1>OPTIONS ourlets en tweed<\/h1>\n<\/div><\/div><\/div><\/div><\/div><div class=\"et_pb_section_4 et_pb_section et_section_regular et_block_section\"><div class=\"et_pb_row_4 et_pb_row et_pb_gutters3 et_block_row\"><div class=\"et_pb_column_6 et_pb_column et_pb_column_1_3 et_block_column et_pb_css_mix_blend_mode_passthrough\"><div class=\"et_pb_blurb_3 et_pb_blurb et_pb_bg_layout_light et_pb_text_align_center et_pb_blurb_position_top et_pb_module et_block_module\"><div class=\"et_pb_blurb_content\"><div class=\"et_pb_main_blurb_image\"><span class=\"et_pb_image_wrap et_pb_only_image_mode_wrap\"><img loading=\"lazy\" decoding=\"async\" src=\"https:\/\/www.voncoers.com\/new\/wp-content\/uploads\/2016\/12\/Blind-hem.jpg\" width=\"500\" height=\"250\" srcset=\"https:\/\/www.voncoers.com\/new\/wp-content\/uploads\/2016\/12\/Blind-hem.jpg 500w, https:\/\/www.voncoers.com\/new\/wp-content\/uploads\/2016\/12\/Blind-hem-300x150.jpg 300w\" sizes=\"(max-width: 500px) 100vw, 500px\" class=\"et-waypoint et_pb_animation_off et_pb_animation_off_tablet et_pb_animation_off_phone wp-image-1458\" \/><\/span><\/div><div class=\"et_pb_blurb_container\"><h4 class=\"et_pb_module_header\">ourlet invisible<\/h4><div class=\"et_pb_blurb_description\"><\/div><\/div><\/div><\/div><\/div><div class=\"et_pb_column_7 et_pb_column et_pb_column_1_3 et_block_column et_pb_css_mix_blend_mode_passthrough\"><div class=\"et_pb_blurb_4 et_pb_blurb et_pb_bg_layout_light et_pb_text_align_center et_pb_blurb_position_top et_pb_module et_block_module\"><div class=\"et_pb_blurb_content\"><div class=\"et_pb_main_blurb_image\"><span class=\"et_pb_image_wrap et_pb_only_image_mode_wrap\"><img loading=\"lazy\" decoding=\"async\" src=\"https:\/\/www.voncoers.com\/new\/wp-content\/uploads\/2016\/12\/Fringed-hem.jpg\" width=\"500\" height=\"250\" srcset=\"https:\/\/www.voncoers.com\/new\/wp-content\/uploads\/2016\/12\/Fringed-hem.jpg 500w, https:\/\/www.voncoers.com\/new\/wp-content\/uploads\/2016\/12\/Fringed-hem-300x150.jpg 300w\" sizes=\"(max-width: 500px) 100vw, 500px\" class=\"et-waypoint et_pb_animation_off et_pb_animation_off_tablet et_pb_animation_off_phone wp-image-1462\" \/><\/span><\/div><div class=\"et_pb_blurb_container\"><h4 class=\"et_pb_module_header\">ourlet en franges<\/h4><div class=\"et_pb_blurb_description\"><\/div><\/div><\/div><\/div><\/div><div class=\"et_pb_column_8 et_pb_column et_pb_column_1_3 et-last-child et_block_column et_pb_column_empty et_pb_css_mix_blend_mode_passthrough\"><\/div><\/div><\/div>","protected":false},"excerpt":{"rendered":"","protected":false},"author":3,"featured_media":0,"parent":0,"menu_order":0,"comment_status":"closed","ping_status":"closed","template":"","meta":{"footnotes":""},"class_list":["post-1115","page","type-page","status-publish","hentry"],"_links":{"self":[{"href":"https:\/\/www.voncoers.com\/fr\/wp-json\/wp\/v2\/pages\/1115","targetHints":{"allow":["GET"]}}],"collection":[{"href":"https:\/\/www.voncoers.com\/fr\/wp-json\/wp\/v2\/pages"}],"about":[{"href":"https:\/\/www.voncoers.com\/fr\/wp-json\/wp\/v2\/types\/page"}],"author":[{"embeddable":true,"href":"https:\/\/www.voncoers.com\/fr\/wp-json\/wp\/v2\/users\/3"}],"replies":[{"embeddable":true,"href":"https:\/\/www.voncoers.com\/fr\/wp-json\/wp\/v2\/comments?post=1115"}],"version-history":[{"count":11,"href":"https:\/\/www.voncoers.com\/fr\/wp-json\/wp\/v2\/pages\/1115\/revisions"}],"predecessor-version":[{"id":2234,"href":"https:\/\/www.voncoers.com\/fr\/wp-json\/wp\/v2\/pages\/1115\/revisions\/2234"}],"wp:attachment":[{"href":"https:\/\/www.voncoers.com\/fr\/wp-json\/wp\/v2\/media?parent=1115"}],"curies":[{"name":"wp","href":"https:\/\/api.w.org\/{rel}","templated":true}]}}