{"id":1333,"date":"2016-07-25T10:39:10","date_gmt":"2016-07-25T08:39:10","guid":{"rendered":"https:\/\/www.voncoers.com\/comment\/"},"modified":"2026-03-08T20:53:46","modified_gmt":"2026-03-08T19:53:46","slug":"comment","status":"publish","type":"page","link":"https:\/\/www.voncoers.com\/fr\/comment\/","title":{"rendered":"Comment"},"content":{"rendered":"<div class=\"et_pb_section_0 et_pb_section et_section_regular et_block_section\"><div class=\"et_pb_row_0 et_pb_row et_block_row\"><div class=\"et_pb_column_0 et_pb_column et_pb_column_4_4 et-last-child et_block_column et_pb_css_mix_blend_mode_passthrough\"><div class=\"et_pb_text_0 et_pb_text et_pb_bg_layout_light et_pb_module et_block_module\"><div class=\"et_pb_text_inner\"><h1>COMMENT \u00c7A FONCTIONNE<\/h1>\n<\/div><\/div><div class=\"et_pb_text_1 et_pb_text et_pb_bg_layout_light et_pb_module et_block_module\"><div class=\"et_pb_text_inner\"><p>Dans la boutique, vous voyez diff\u00e9rents exemples de robes personnalis\u00e9es. Chaque robe a un nom suivi de la lettre R, V ou U, ceux-ci repr\u00e9sentent la forme de l'encolure. Par exemple, la robe MYRA-R a un d\u00e9collet\u00e9 rond, mais dans les options, vous pouvez toujours choisir un d\u00e9collet\u00e9 diff\u00e9rent si vous pr\u00e9f\u00e9rez. Toutes les options propos\u00e9es sont d\u00e9crites dans <a href=\"https:\/\/www.voncoers.com\/fr\/options\/\">OPTIONS<\/a>. Si vous avez des demandes sp\u00e9ciales, n'h\u00e9sitez pas \u00e0 me contacter.<\/p>\n<p>Pour vous assurer que le v\u00eatement vous convient comme sur le mod\u00e8le, vous devez remplir vos mesures et la longueur de robe souhait\u00e9e. C'est tr\u00e8s important! Veuillez suivre les instructions dans <a href=\"https:\/\/www.voncoers.com\/fr\/mes-mesures\/\">MES MESURES<\/a>. Si votre mesure n'est pas entre les options, cela signifie que votre taille n'est plus disponible.<\/p>\n<p>Je vais r\u00e9guli\u00e8rement ajouter de nouveaux exemples avec de nouvelles options et diff\u00e9rents tissus \u00e0 ma boutique alors assurez-vous que vous \u00eates sur ma liste de diffusion pour \u00eatre le premier inform\u00e9 d\u00e8s que cela se produit!<\/p>\n<\/div><\/div><\/div><\/div><\/div><div class=\"et_pb_section_1 et_pb_section et_section_regular et_block_section\"><div class=\"et_pb_row_1 et_pb_row et_block_row\"><div class=\"et_pb_column_1 et_pb_column et_pb_column_4_4 et-last-child et_block_column et_pb_css_mix_blend_mode_passthrough\"><div class=\"et_pb_module et_pb_button_module_wrapper et_pb_button_0_wrapper\"><a class=\"et_pb_button_0 et_pb_button et_pb_bg_layout_light et_pb_module et_block_module\" href=\"https:\/\/www.voncoers.com\/fr\/sabonner\/\">NOUVEAU PRODUIT? FAITES LE MOI SAVOIR<\/a><\/div><\/div><\/div><\/div>","protected":false},"excerpt":{"rendered":"","protected":false},"author":3,"featured_media":0,"parent":0,"menu_order":0,"comment_status":"closed","ping_status":"closed","template":"","meta":{"footnotes":""},"class_list":["post-1333","page","type-page","status-publish","hentry"],"_links":{"self":[{"href":"https:\/\/www.voncoers.com\/fr\/wp-json\/wp\/v2\/pages\/1333","targetHints":{"allow":["GET"]}}],"collection":[{"href":"https:\/\/www.voncoers.com\/fr\/wp-json\/wp\/v2\/pages"}],"about":[{"href":"https:\/\/www.voncoers.com\/fr\/wp-json\/wp\/v2\/types\/page"}],"author":[{"embeddable":true,"href":"https:\/\/www.voncoers.com\/fr\/wp-json\/wp\/v2\/users\/3"}],"replies":[{"embeddable":true,"href":"https:\/\/www.voncoers.com\/fr\/wp-json\/wp\/v2\/comments?post=1333"}],"version-history":[{"count":12,"href":"https:\/\/www.voncoers.com\/fr\/wp-json\/wp\/v2\/pages\/1333\/revisions"}],"predecessor-version":[{"id":2227,"href":"https:\/\/www.voncoers.com\/fr\/wp-json\/wp\/v2\/pages\/1333\/revisions\/2227"}],"wp:attachment":[{"href":"https:\/\/www.voncoers.com\/fr\/wp-json\/wp\/v2\/media?parent=1333"}],"curies":[{"name":"wp","href":"https:\/\/api.w.org\/{rel}","templated":true}]}}