{"id":1345,"date":"2016-07-22T19:48:24","date_gmt":"2016-07-22T17:48:24","guid":{"rendered":"https:\/\/www.voncoers.com\/termes-et-conditions\/"},"modified":"2026-03-08T20:53:44","modified_gmt":"2026-03-08T19:53:44","slug":"conditions-generales-de-vente","status":"publish","type":"page","link":"https:\/\/www.voncoers.com\/fr\/conditions-generales-de-vente\/","title":{"rendered":"Conditions G\u00e9n\u00e9rales de Vente"},"content":{"rendered":"<div class=\"et_pb_section_0 et_pb_section et_section_regular et_block_section\"><div class=\"et_pb_row_0 et_pb_row et_pb_gutters3 et_block_row\"><div class=\"et_pb_column_0 et_pb_column et_pb_column_4_4 et-last-child et_block_column et_pb_css_mix_blend_mode_passthrough\"><div class=\"et_pb_text_0 et_pb_text et_pb_bg_layout_light et_pb_module et_block_module et_pb_text_align_left\"><div class=\"et_pb_text_inner\"><h1>Conditions G\u00e9n\u00e9rales de Vente<\/h1>\n<p>&nbsp;<\/p>\n<\/div><\/div><\/div><\/div><div class=\"et_pb_row_1 et_pb_row et_pb_gutters3 et_block_row\"><div class=\"et_pb_column_1 et_pb_column et_pb_column_4_4 et-last-child et_block_column et_pb_css_mix_blend_mode_passthrough\"><div class=\"et_pb_text_1 et_pb_text et_pb_bg_layout_light et_pb_module et_block_module et_pb_text_align_left\"><div class=\"et_pb_text_inner\"><h2>Article 1: G\u00e9n\u00e9ralit\u00e9s<\/h2>\n<p>La vente de v\u00eatements sur le site www.voncoers.com sont r\u00e9gies par ces Conditions G\u00e9n\u00e9rales de Vente. Les v\u00eatements achet\u00e9s sur www.voncoers.com sont vendus directement par la soci\u00e9t\u00e9 VON COERS une soci\u00e9t\u00e9 fran\u00e7aise inscrite au registre de Commerce de France sous le num\u00e9ro siret 53911536000015.<\/p>\n<h2>Article 2: Commande<\/h2>\n<p>Toute commande implique l\u2019adh\u00e9sion aux conditions g\u00e9n\u00e9rales de vente. Une commande est confirm\u00e9e apr\u00e8s la r\u00e9ception du paiement.<\/p>\n<h2>Article 3: Paiement<\/h2>\n<p>Les paiements sont accept\u00e9s via Paypal. Vous pouvez r\u00e9gler votre commande avec une carte bancaire sur le site Paypal sans ouvrir un compte Paypal.<\/p>\n<h2>Article 4: Prix<\/h2>\n<p>Les prix sont nets en Euros sans application de la TVA selon Article 293B du Code G\u00e9n\u00e9rale des Impots. Vous ne payez donc pas de TVA.<\/p>\n<h2>Article 5: Livraison<\/h2>\n<p>La livraison du colis est effectu\u00e9e \u00e0 l\u2019adresse indiqu\u00e9e par le client au moment de sa commande. Les exp\u00e9ditions sont effectu\u00e9es uniquement les jours ouvr\u00e9s. Les d\u00e9lais de livraison sont diff\u00e9rent pour chaque v\u00eatement et sont indiqu\u00e9s dans les descriptions. Les frais de livraisons sont offerts.<\/p>\n<h2>Article 6: Droit de r\u00e9traction<\/h2>\n<p>Pour tous les v\u00eatements fabriqu\u00e9s sur mesure ou personnalis\u00e9s, le droit de r\u00e9tractation NE PEUT S\u2019APPLIQUER, conform\u00e9ment aux dispositions de l\u2019article L 121-20 du Code de la Consommation.<\/p>\n<h2>Article 7: Donn\u00e9es Personnelles<\/h2>\n<p>La soci\u00e9t\u00e9 VON COERS s'engage \u00e0 prot\u00e9ger les donn\u00e9es personnelles communiqu\u00e9es par le Client. Toutes les donn\u00e9es personnelles concernant le Client collect\u00e9es sont trait\u00e9es avec la plus stricte confidentialit\u00e9, \u00a0les informations que vous nous transmettez ne sont en aucun cas c\u00e9d\u00e9es, vendues, lou\u00e9es \u00e0 d'autres entreprises ou organismes.<\/p>\n<h2>Article 8: Propri\u00e9t\u00e9 Intellectuelle<\/h2>\n<p>Tous les \u00e9l\u00e9ments se trouvant sur le site www.voncoers.com, marques, dessins, photographies, logos etc. sont la propri\u00e9t\u00e9 de la soci\u00e9t\u00e9 VON COERS. Toute reproduction est formellement interdite, conform\u00e9ment aux lois r\u00e9gissant la propri\u00e9t\u00e9 intellectuelle.<\/p>\n<h2>Article 9: Loi Applicable<\/h2>\n<p>Les Conditions G\u00e9n\u00e9rales de Vente et le contrat sont r\u00e9gis par la loi fran\u00e7aise. En cas de litige, seuls les tribunaux fran\u00e7ais sont comp\u00e9tents.<\/p>\n<\/div><\/div><\/div><\/div><\/div>","protected":false},"excerpt":{"rendered":"","protected":false},"author":3,"featured_media":0,"parent":0,"menu_order":0,"comment_status":"closed","ping_status":"closed","template":"","meta":{"footnotes":""},"class_list":["post-1345","page","type-page","status-publish","hentry"],"_links":{"self":[{"href":"https:\/\/www.voncoers.com\/fr\/wp-json\/wp\/v2\/pages\/1345","targetHints":{"allow":["GET"]}}],"collection":[{"href":"https:\/\/www.voncoers.com\/fr\/wp-json\/wp\/v2\/pages"}],"about":[{"href":"https:\/\/www.voncoers.com\/fr\/wp-json\/wp\/v2\/types\/page"}],"author":[{"embeddable":true,"href":"https:\/\/www.voncoers.com\/fr\/wp-json\/wp\/v2\/users\/3"}],"replies":[{"embeddable":true,"href":"https:\/\/www.voncoers.com\/fr\/wp-json\/wp\/v2\/comments?post=1345"}],"version-history":[{"count":4,"href":"https:\/\/www.voncoers.com\/fr\/wp-json\/wp\/v2\/pages\/1345\/revisions"}],"predecessor-version":[{"id":2224,"href":"https:\/\/www.voncoers.com\/fr\/wp-json\/wp\/v2\/pages\/1345\/revisions\/2224"}],"wp:attachment":[{"href":"https:\/\/www.voncoers.com\/fr\/wp-json\/wp\/v2\/media?parent=1345"}],"curies":[{"name":"wp","href":"https:\/\/api.w.org\/{rel}","templated":true}]}}