{"id":1105,"date":"2016-10-17T14:13:15","date_gmt":"2016-10-17T12:13:15","guid":{"rendered":"https:\/\/www.voncoers.com\/product\/1105\/"},"modified":"2018-06-30T14:46:30","modified_gmt":"2018-06-30T12:46:30","slug":"maeva-en-double-crepe-de-laine-noir","status":"publish","type":"product","link":"https:\/\/www.voncoers.com\/fr\/produit\/maeva-en-double-crepe-de-laine-noir\/","title":{"rendered":"Maeva en double cr\u00eape de laine noir"},"content":{"rendered":"","protected":false},"excerpt":{"rendered":"<p>&nbsp;<\/p>\n<p>Brille avec \u00e9l\u00e9gance dans cette robe minimaliste Maeva ici en double cr\u00eape de laine noir, un tissu \u00e9pais de haute qualit\u00e9. Cette mini-robe sans manches, est ample au niveau de la taille ce qui la rend tr\u00e8s confortable \u00e0 porter. La robe a une fermeture invisible dans le dos, elle est l\u00e9g\u00e8rement \u00e9vas\u00e9e et enti\u00e8rement doubl\u00e9e. Parfaite port\u00e9e avec des chaussures plates ou des hauts talons.<\/p>\n<p>Le mannequin mesure 172 cm. Longueur robe: 85 cm. Plus longue sur demande.<\/p>\n<p>Tissu: 100% Laine<br \/>\nDoublure: 100% Ac\u00e9tate<br \/>\nEntretien: Nettoyage \u00e0 sec<\/p>\n","protected":false},"featured_media":645,"template":"","meta":[],"product_brand":[],"product_cat":[622],"product_tag":[],"class_list":{"0":"post-1105","1":"product","2":"type-product","3":"status-publish","4":"has-post-thumbnail","6":"product_cat-robes","8":"first","9":"instock","10":"sold-individually","11":"shipping-taxable","12":"purchasable","13":"product-type-variable"},"_links":{"self":[{"href":"https:\/\/www.voncoers.com\/fr\/wp-json\/wp\/v2\/product\/1105","targetHints":{"allow":["GET"]}}],"collection":[{"href":"https:\/\/www.voncoers.com\/fr\/wp-json\/wp\/v2\/product"}],"about":[{"href":"https:\/\/www.voncoers.com\/fr\/wp-json\/wp\/v2\/types\/product"}],"wp:featuredmedia":[{"embeddable":true,"href":"https:\/\/www.voncoers.com\/fr\/wp-json\/wp\/v2\/media\/645"}],"wp:attachment":[{"href":"https:\/\/www.voncoers.com\/fr\/wp-json\/wp\/v2\/media?parent=1105"}],"wp:term":[{"taxonomy":"product_brand","embeddable":true,"href":"https:\/\/www.voncoers.com\/fr\/wp-json\/wp\/v2\/product_brand?post=1105"},{"taxonomy":"product_cat","embeddable":true,"href":"https:\/\/www.voncoers.com\/fr\/wp-json\/wp\/v2\/product_cat?post=1105"},{"taxonomy":"product_tag","embeddable":true,"href":"https:\/\/www.voncoers.com\/fr\/wp-json\/wp\/v2\/product_tag?post=1105"}],"curies":[{"name":"wp","href":"https:\/\/api.w.org\/{rel}","templated":true}]}}