{"id":1124,"date":"2016-03-10T10:08:19","date_gmt":"2016-03-10T09:08:19","guid":{"rendered":"https:\/\/www.voncoers.com\/product\/myra-v-en-crepe-de-laine-noir\/"},"modified":"2018-07-05T19:21:53","modified_gmt":"2018-07-05T17:21:53","slug":"maeva-en-crepe-de-laine-noir","status":"publish","type":"product","link":"https:\/\/www.voncoers.com\/fr\/produit\/maeva-en-crepe-de-laine-noir\/","title":{"rendered":"Maeva en cr\u00eape de laine noir"},"content":{"rendered":"","protected":false},"excerpt":{"rendered":"<p>&nbsp;<\/p>\n<p>Brille avec \u00e9l\u00e9gance dans cette robe minimaliste Maeva ici en cr\u00eape de laine noir, un tissu de haute qualit\u00e9. Cette mini-robe sans manches, est ample au niveau de la taille ce qui la rend tr\u00e8s confortable \u00e0 porter. Elle a une encolure en V, une fermeture invisible dans le dos et elle est enti\u00e8rement doubl\u00e9e. La robe est l\u00e9g\u00e8rement \u00e9vas\u00e9e. Parfaite avec des chaussures plates ou des hauts talons.<\/p>\n<p>Le mannequin mesure 172 cm. Longueur de la robe:85 cm. Plus longue sur demande.<br \/>\nTissu: 100% Laine<br \/>\nDoublure: 100% Ac\u00e9tate<br \/>\nEntretien: Nettoyage \u00e0 sec<\/p>\n","protected":false},"featured_media":644,"template":"","meta":[],"product_brand":[],"product_cat":[622],"product_tag":[],"class_list":{"0":"post-1124","1":"product","2":"type-product","3":"status-publish","4":"has-post-thumbnail","6":"product_cat-robes","8":"first","9":"outofstock","10":"sold-individually","11":"shipping-taxable","12":"purchasable","13":"product-type-variable"},"_links":{"self":[{"href":"https:\/\/www.voncoers.com\/fr\/wp-json\/wp\/v2\/product\/1124","targetHints":{"allow":["GET"]}}],"collection":[{"href":"https:\/\/www.voncoers.com\/fr\/wp-json\/wp\/v2\/product"}],"about":[{"href":"https:\/\/www.voncoers.com\/fr\/wp-json\/wp\/v2\/types\/product"}],"wp:featuredmedia":[{"embeddable":true,"href":"https:\/\/www.voncoers.com\/fr\/wp-json\/wp\/v2\/media\/644"}],"wp:attachment":[{"href":"https:\/\/www.voncoers.com\/fr\/wp-json\/wp\/v2\/media?parent=1124"}],"wp:term":[{"taxonomy":"product_brand","embeddable":true,"href":"https:\/\/www.voncoers.com\/fr\/wp-json\/wp\/v2\/product_brand?post=1124"},{"taxonomy":"product_cat","embeddable":true,"href":"https:\/\/www.voncoers.com\/fr\/wp-json\/wp\/v2\/product_cat?post=1124"},{"taxonomy":"product_tag","embeddable":true,"href":"https:\/\/www.voncoers.com\/fr\/wp-json\/wp\/v2\/product_tag?post=1124"}],"curies":[{"name":"wp","href":"https:\/\/api.w.org\/{rel}","templated":true}]}}