{"id":1137,"date":"2016-03-14T21:31:56","date_gmt":"2016-03-14T20:31:56","guid":{"rendered":"https:\/\/www.voncoers.com\/product\/myra-r-en-fuchsia-laineviscose\/"},"modified":"2018-07-05T18:54:51","modified_gmt":"2018-07-05T16:54:51","slug":"myra-en-fuchsia-laineviscose","status":"publish","type":"product","link":"https:\/\/www.voncoers.com\/fr\/produit\/myra-en-fuchsia-laineviscose\/","title":{"rendered":"Myra en Fuchsia laine\/viscose"},"content":{"rendered":"","protected":false},"excerpt":{"rendered":"<p>&nbsp;<\/p>\n<p>Brille avec \u00e9l\u00e9gance dans cette robe minimaliste Myra ici en tissu fuchsia viscose\/laine, cette couleur va \u00e0 tous les teints. Cette mini-robe sans manches est ample au niveau de la taille ce qui la rend tr\u00e8s confortable \u00e0 porter. Elle a une encolure ronde, une fermeture invisible dans le dos et elle est enti\u00e8rement doubl\u00e9e. La robe est l\u00e9g\u00e8rement \u00e9vas\u00e9e. Parfaite avec des chaussures plates ou des hauts talons.<\/p>\n<p>Le mannequin mesure 172 cm. Longueur de la robe: 90 cm.<br \/>\nTissu: 75% Viscose, 25% Laine<br \/>\nDoublure: 100% Ac\u00e9tate<br \/>\nEntretien: Nettoyage \u00e0 sec<\/p>\n","protected":false},"featured_media":631,"template":"","meta":[],"product_brand":[],"product_cat":[622],"product_tag":[],"class_list":{"0":"post-1137","1":"product","2":"type-product","3":"status-publish","4":"has-post-thumbnail","6":"product_cat-robes","8":"first","9":"instock","10":"sale","11":"sold-individually","12":"shipping-taxable","13":"purchasable","14":"product-type-variable"},"_links":{"self":[{"href":"https:\/\/www.voncoers.com\/fr\/wp-json\/wp\/v2\/product\/1137","targetHints":{"allow":["GET"]}}],"collection":[{"href":"https:\/\/www.voncoers.com\/fr\/wp-json\/wp\/v2\/product"}],"about":[{"href":"https:\/\/www.voncoers.com\/fr\/wp-json\/wp\/v2\/types\/product"}],"wp:featuredmedia":[{"embeddable":true,"href":"https:\/\/www.voncoers.com\/fr\/wp-json\/wp\/v2\/media\/631"}],"wp:attachment":[{"href":"https:\/\/www.voncoers.com\/fr\/wp-json\/wp\/v2\/media?parent=1137"}],"wp:term":[{"taxonomy":"product_brand","embeddable":true,"href":"https:\/\/www.voncoers.com\/fr\/wp-json\/wp\/v2\/product_brand?post=1137"},{"taxonomy":"product_cat","embeddable":true,"href":"https:\/\/www.voncoers.com\/fr\/wp-json\/wp\/v2\/product_cat?post=1137"},{"taxonomy":"product_tag","embeddable":true,"href":"https:\/\/www.voncoers.com\/fr\/wp-json\/wp\/v2\/product_tag?post=1137"}],"curies":[{"name":"wp","href":"https:\/\/api.w.org\/{rel}","templated":true}]}}