{"id":1178,"date":"2016-10-13T21:17:17","date_gmt":"2016-10-13T19:17:17","guid":{"rendered":"https:\/\/www.voncoers.com\/product\/cheryl-r-en-double-crepe-de-laine-noir\/"},"modified":"2018-06-30T14:53:00","modified_gmt":"2018-06-30T12:53:00","slug":"cheryl-en-double-crepe-de-laine-noir","status":"publish","type":"product","link":"https:\/\/www.voncoers.com\/fr\/produit\/cheryl-en-double-crepe-de-laine-noir\/","title":{"rendered":"Cheryl en DOUBLE cr\u00eape de laine noir"},"content":{"rendered":"","protected":false},"excerpt":{"rendered":"<p>&nbsp;<\/p>\n<p>Une robe intemporelle et classique. Portez Cheryl au travail ou pour une occasion sp\u00e9ciale. Fabriqu\u00e9e en double cr\u00eape de laine noir, un tissu \u00e9pais de haute qualit\u00e9. Cette robe sans manches est ample au niveau de la taille ce qui la rend tr\u00e8s confortable \u00e0 porter. Elle a une fermeture invisible dans le dos et elle est enti\u00e8rement doubl\u00e9e. Magnifique port\u00e9e avec des hauts talons.<\/p>\n<p>Mannequin mesure 172 cm. Longueur robe:102 cm. Plus courte sur demande.<br \/>\nTissu: 100% Laine<br \/>\nDoublure: 100% Ac\u00e9tate<br \/>\nEntretien: Nettoyage \u00e0 sec<\/p>\n","protected":false},"featured_media":657,"template":"","meta":[],"product_brand":[],"product_cat":[622],"product_tag":[],"class_list":{"0":"post-1178","1":"product","2":"type-product","3":"status-publish","4":"has-post-thumbnail","6":"product_cat-robes","8":"first","9":"instock","10":"sold-individually","11":"shipping-taxable","12":"purchasable","13":"product-type-variable"},"_links":{"self":[{"href":"https:\/\/www.voncoers.com\/fr\/wp-json\/wp\/v2\/product\/1178","targetHints":{"allow":["GET"]}}],"collection":[{"href":"https:\/\/www.voncoers.com\/fr\/wp-json\/wp\/v2\/product"}],"about":[{"href":"https:\/\/www.voncoers.com\/fr\/wp-json\/wp\/v2\/types\/product"}],"wp:featuredmedia":[{"embeddable":true,"href":"https:\/\/www.voncoers.com\/fr\/wp-json\/wp\/v2\/media\/657"}],"wp:attachment":[{"href":"https:\/\/www.voncoers.com\/fr\/wp-json\/wp\/v2\/media?parent=1178"}],"wp:term":[{"taxonomy":"product_brand","embeddable":true,"href":"https:\/\/www.voncoers.com\/fr\/wp-json\/wp\/v2\/product_brand?post=1178"},{"taxonomy":"product_cat","embeddable":true,"href":"https:\/\/www.voncoers.com\/fr\/wp-json\/wp\/v2\/product_cat?post=1178"},{"taxonomy":"product_tag","embeddable":true,"href":"https:\/\/www.voncoers.com\/fr\/wp-json\/wp\/v2\/product_tag?post=1178"}],"curies":[{"name":"wp","href":"https:\/\/api.w.org\/{rel}","templated":true}]}}