{"id":1205,"date":"2016-03-10T10:47:42","date_gmt":"2016-03-10T09:47:42","guid":{"rendered":"https:\/\/www.voncoers.com\/product\/cheryl-r-en-tweed-rose-pale\/"},"modified":"2018-07-05T19:18:10","modified_gmt":"2018-07-05T17:18:10","slug":"cheryl-en-tweed-rose-pale","status":"publish","type":"product","link":"https:\/\/www.voncoers.com\/fr\/produit\/cheryl-en-tweed-rose-pale\/","title":{"rendered":"Cheryl en tweed rose p\u00e2le"},"content":{"rendered":"","protected":false},"excerpt":{"rendered":"<p>&nbsp;<\/p>\n<p>Une robe intemporelle et classique. Portez Cheryl au travail ou pour une occasion sp\u00e9ciale. Ici en tweed rose p\u00e2le, un beau tissu de haute qualit\u00e9. Cette robe sans manches est ample au niveau de la taille ce qui la rend tr\u00e8s confortable \u00e0 porter. La robe a une fermeture invisible dans le dos et elle est enti\u00e8rement doubl\u00e9e. Magnifique port\u00e9e avec des hauts talons.<\/p>\n<p>Le mannequin mesure 172 cm. Longueur de la robe:102 cm. Plus courte sur demande.<br \/>\nTissu: 90% Viscose 10% Polyester<br \/>\nDoublure: 100% Ac\u00e9tate<br \/>\nEntretien: Nettoyage \u00e0 sec<\/p>\n","protected":false},"featured_media":650,"template":"","meta":[],"product_brand":[],"product_cat":[622],"product_tag":[],"class_list":{"0":"post-1205","1":"product","2":"type-product","3":"status-publish","4":"has-post-thumbnail","6":"product_cat-robes","8":"first","9":"instock","10":"sold-individually","11":"shipping-taxable","12":"purchasable","13":"product-type-variable"},"_links":{"self":[{"href":"https:\/\/www.voncoers.com\/fr\/wp-json\/wp\/v2\/product\/1205","targetHints":{"allow":["GET"]}}],"collection":[{"href":"https:\/\/www.voncoers.com\/fr\/wp-json\/wp\/v2\/product"}],"about":[{"href":"https:\/\/www.voncoers.com\/fr\/wp-json\/wp\/v2\/types\/product"}],"wp:featuredmedia":[{"embeddable":true,"href":"https:\/\/www.voncoers.com\/fr\/wp-json\/wp\/v2\/media\/650"}],"wp:attachment":[{"href":"https:\/\/www.voncoers.com\/fr\/wp-json\/wp\/v2\/media?parent=1205"}],"wp:term":[{"taxonomy":"product_brand","embeddable":true,"href":"https:\/\/www.voncoers.com\/fr\/wp-json\/wp\/v2\/product_brand?post=1205"},{"taxonomy":"product_cat","embeddable":true,"href":"https:\/\/www.voncoers.com\/fr\/wp-json\/wp\/v2\/product_cat?post=1205"},{"taxonomy":"product_tag","embeddable":true,"href":"https:\/\/www.voncoers.com\/fr\/wp-json\/wp\/v2\/product_tag?post=1205"}],"curies":[{"name":"wp","href":"https:\/\/api.w.org\/{rel}","templated":true}]}}