{"id":1216,"date":"2016-09-12T15:51:06","date_gmt":"2016-09-12T13:51:06","guid":{"rendered":"https:\/\/www.voncoers.com\/product\/sacha-r-en-tweed-et-crepe-de-laine\/"},"modified":"2018-06-30T15:33:45","modified_gmt":"2018-06-30T13:33:45","slug":"rachel-en-tweed-et-crepe-de-laine","status":"publish","type":"product","link":"https:\/\/www.voncoers.com\/fr\/produit\/rachel-en-tweed-et-crepe-de-laine\/","title":{"rendered":"Rachel en tweed et cr\u00eape de laine"},"content":{"rendered":"","protected":false},"excerpt":{"rendered":"<p>&nbsp;<\/p>\n<p>Superbe mini robe Rachel. La partie sup\u00e9rieure est faite d&rsquo;un beau tweed cr\u00e8me avec un fin fil dor\u00e9 lurex. La partie basse est en double cr\u00eape de laine noir. Cette robe sans manches, est ample au niveau de la taille ce qui la rend tr\u00e8s confortable \u00e0 porter. Elle a une encolure ronde, une fermeture invisible dans le dos et elle est enti\u00e8rement doubl\u00e9e. Charmante avec des chaussures plates, superbe avec des hauts talons.<\/p>\n<p>Le mannequin mesure 172 cm. Longueur de la robe: 85 cm. Plus longue sur demande.<\/p>\n<p>Tissu 1: 60% Viscose 25% Polyester 15% Coton<br \/>\nTissu 2: 100% Laine<br \/>\nDoublure: 59% Viscose 41% Polyester<br \/>\nEntretien: Nettoyage \u00e0 sec<\/p>\n","protected":false},"featured_media":1220,"template":"","meta":[],"product_brand":[],"product_cat":[622],"product_tag":[],"class_list":{"0":"post-1216","1":"product","2":"type-product","3":"status-publish","4":"has-post-thumbnail","6":"product_cat-robes","8":"first","9":"instock","10":"shipping-taxable","11":"purchasable","12":"product-type-variable"},"_links":{"self":[{"href":"https:\/\/www.voncoers.com\/fr\/wp-json\/wp\/v2\/product\/1216","targetHints":{"allow":["GET"]}}],"collection":[{"href":"https:\/\/www.voncoers.com\/fr\/wp-json\/wp\/v2\/product"}],"about":[{"href":"https:\/\/www.voncoers.com\/fr\/wp-json\/wp\/v2\/types\/product"}],"wp:featuredmedia":[{"embeddable":true,"href":"https:\/\/www.voncoers.com\/fr\/wp-json\/wp\/v2\/media\/1220"}],"wp:attachment":[{"href":"https:\/\/www.voncoers.com\/fr\/wp-json\/wp\/v2\/media?parent=1216"}],"wp:term":[{"taxonomy":"product_brand","embeddable":true,"href":"https:\/\/www.voncoers.com\/fr\/wp-json\/wp\/v2\/product_brand?post=1216"},{"taxonomy":"product_cat","embeddable":true,"href":"https:\/\/www.voncoers.com\/fr\/wp-json\/wp\/v2\/product_cat?post=1216"},{"taxonomy":"product_tag","embeddable":true,"href":"https:\/\/www.voncoers.com\/fr\/wp-json\/wp\/v2\/product_tag?post=1216"}],"curies":[{"name":"wp","href":"https:\/\/api.w.org\/{rel}","templated":true}]}}