{"id":1231,"date":"2016-03-20T19:09:46","date_gmt":"2016-03-20T18:09:46","guid":{"rendered":"https:\/\/www.voncoers.com\/product\/sacha-r-en-tweed-creme\/"},"modified":"2018-07-05T12:31:40","modified_gmt":"2018-07-05T10:31:40","slug":"rachel-en-tweed-creme","status":"publish","type":"product","link":"https:\/\/www.voncoers.com\/fr\/produit\/rachel-en-tweed-creme\/","title":{"rendered":"Rachel en tweed cr\u00e8me"},"content":{"rendered":"","protected":false},"excerpt":{"rendered":"<p>&nbsp;<\/p>\n<p>Montrez vos jambes dans cette superbe robe Rachel faite d&rsquo;une belle tweed cr\u00e8me avec une fine fil dor\u00e9 lurex. Cette robe sans manches, est ample au niveau de la taille ce qui la rend tr\u00e8s confortable \u00e0 porter. La robe a une fermeture invisible dans le dos et elle est enti\u00e8rement doubl\u00e9e. Charmant avec des chaussures plates, superbe avec des hauts talons.<\/p>\n<p>Le mannequin mesure 172 cm. Longueur de la robe: 85 cm. Plus longue sur demande.<\/p>\n<p>Tissu: 60% Viscose 25% Polyester 15% Coton<br \/>\nDoublure: 59% Viscose 41% Polyester<br \/>\nEntretien: Nettoyage \u00e0 sec<\/p>\n","protected":false},"featured_media":672,"template":"","meta":[],"product_brand":[],"product_cat":[622],"product_tag":[],"class_list":{"0":"post-1231","1":"product","2":"type-product","3":"status-publish","4":"has-post-thumbnail","6":"product_cat-robes","8":"first","9":"instock","10":"sold-individually","11":"shipping-taxable","12":"purchasable","13":"product-type-variable"},"_links":{"self":[{"href":"https:\/\/www.voncoers.com\/fr\/wp-json\/wp\/v2\/product\/1231","targetHints":{"allow":["GET"]}}],"collection":[{"href":"https:\/\/www.voncoers.com\/fr\/wp-json\/wp\/v2\/product"}],"about":[{"href":"https:\/\/www.voncoers.com\/fr\/wp-json\/wp\/v2\/types\/product"}],"wp:featuredmedia":[{"embeddable":true,"href":"https:\/\/www.voncoers.com\/fr\/wp-json\/wp\/v2\/media\/672"}],"wp:attachment":[{"href":"https:\/\/www.voncoers.com\/fr\/wp-json\/wp\/v2\/media?parent=1231"}],"wp:term":[{"taxonomy":"product_brand","embeddable":true,"href":"https:\/\/www.voncoers.com\/fr\/wp-json\/wp\/v2\/product_brand?post=1231"},{"taxonomy":"product_cat","embeddable":true,"href":"https:\/\/www.voncoers.com\/fr\/wp-json\/wp\/v2\/product_cat?post=1231"},{"taxonomy":"product_tag","embeddable":true,"href":"https:\/\/www.voncoers.com\/fr\/wp-json\/wp\/v2\/product_tag?post=1231"}],"curies":[{"name":"wp","href":"https:\/\/api.w.org\/{rel}","templated":true}]}}