{"id":1720,"date":"2016-03-13T19:20:08","date_gmt":"2016-03-13T18:20:08","guid":{"rendered":"https:\/\/www.voncoers.com\/product\/sharlene-u-en-viscoselaine-jaune\/"},"modified":"2018-07-05T18:59:30","modified_gmt":"2018-07-05T16:59:30","slug":"julia-en-viscoselaine-jaune","status":"publish","type":"product","link":"https:\/\/www.voncoers.com\/fr\/produit\/julia-en-viscoselaine-jaune\/","title":{"rendered":"Julia en viscose\/laine jaune"},"content":{"rendered":"","protected":false},"excerpt":{"rendered":"<p>Julia est une robe charmante en tissu jaune viscose\/laine. La jupe froiss\u00e9e \u00e0 partir de la hanche rend cette robe extr\u00eamement confortable \u00e0 porter. Julia est une robe sans manches avec une encolure en U. Elle a une fermeture \u00e9clair invisible \u00e0 l&rsquo;arri\u00e8re et la robe est enti\u00e8rement doubl\u00e9e. Portez-la avec des chaussures plates pendant la journ\u00e9e ou habillez-vous avec des talons hauts lors d&rsquo;une soir\u00e9e.<\/p>\n<p>Le mannequin mesure 172 cm. Longueur de la robe: 85 cm.<br \/>\nTissu: 75%Viscose 25%Laine<br \/>\nDoublure: 49% Acetate 51%Viscose<br \/>\nEntretien: Nettoyage \u00e0 sec<\/p>\n","protected":false},"featured_media":636,"template":"","meta":[],"product_brand":[],"product_cat":[622],"product_tag":[],"class_list":{"0":"post-1720","1":"product","2":"type-product","3":"status-publish","4":"has-post-thumbnail","6":"product_cat-robes","8":"first","9":"instock","10":"sold-individually","11":"shipping-taxable","12":"purchasable","13":"product-type-variable"},"_links":{"self":[{"href":"https:\/\/www.voncoers.com\/fr\/wp-json\/wp\/v2\/product\/1720","targetHints":{"allow":["GET"]}}],"collection":[{"href":"https:\/\/www.voncoers.com\/fr\/wp-json\/wp\/v2\/product"}],"about":[{"href":"https:\/\/www.voncoers.com\/fr\/wp-json\/wp\/v2\/types\/product"}],"wp:featuredmedia":[{"embeddable":true,"href":"https:\/\/www.voncoers.com\/fr\/wp-json\/wp\/v2\/media\/636"}],"wp:attachment":[{"href":"https:\/\/www.voncoers.com\/fr\/wp-json\/wp\/v2\/media?parent=1720"}],"wp:term":[{"taxonomy":"product_brand","embeddable":true,"href":"https:\/\/www.voncoers.com\/fr\/wp-json\/wp\/v2\/product_brand?post=1720"},{"taxonomy":"product_cat","embeddable":true,"href":"https:\/\/www.voncoers.com\/fr\/wp-json\/wp\/v2\/product_cat?post=1720"},{"taxonomy":"product_tag","embeddable":true,"href":"https:\/\/www.voncoers.com\/fr\/wp-json\/wp\/v2\/product_tag?post=1720"}],"curies":[{"name":"wp","href":"https:\/\/api.w.org\/{rel}","templated":true}]}}