{"id":1728,"date":"2017-01-23T11:45:57","date_gmt":"2017-01-23T10:45:57","guid":{"rendered":"https:\/\/www.voncoers.com\/product\/1728\/"},"modified":"2021-02-19T23:08:20","modified_gmt":"2021-02-19T22:08:20","slug":"clara-en-kaki-laine","status":"publish","type":"product","link":"https:\/\/www.voncoers.com\/fr\/produit\/clara-en-kaki-laine\/","title":{"rendered":"Clara en kaki laine"},"content":{"rendered":"","protected":false},"excerpt":{"rendered":"<p>&nbsp;<\/p>\n<p>Ultra f\u00e9minine et confortable, Clara est la robe id\u00e9ale pour chaque femme. \u00a0Le haut est pr\u00eat du corps. Les pi\u00e8ces ins\u00e9r\u00e9es cr\u00e9ent une jupe \u00e9vas\u00e9e \u00e0 partir de la taille. Le tissu en laine kaki se marie magnifiquement avec des accessoires dor\u00e9s. Cette robe sans manches a une encolure ronde, une fermeture invisible sur le dos et est enti\u00e8rement doubl\u00e9. Choisissez une version courte \u00e0 porter avec des chaussures plates ou des bottes ou une version plus longue \u00e0 porter avec des talons hauts. Vous allez adorer cette robe.<\/p>\n<p>Le mannequin mesure 172 cm. Longueur de la robe: 90 cm. plus longue sur demande.<br \/>\nTissu: 100% Laine<br \/>\nDoublure: 100% Cupro<br \/>\nEntretien: Nettoyage \u00e0 sec<\/p>\n<p>&nbsp;<\/p>\n","protected":false},"featured_media":682,"template":"","meta":[],"product_brand":[],"product_cat":[622],"product_tag":[],"class_list":{"0":"post-1728","1":"product","2":"type-product","3":"status-publish","4":"has-post-thumbnail","6":"product_cat-robes","8":"first","9":"instock","10":"sold-individually","11":"shipping-taxable","12":"purchasable","13":"product-type-variable"},"_links":{"self":[{"href":"https:\/\/www.voncoers.com\/fr\/wp-json\/wp\/v2\/product\/1728","targetHints":{"allow":["GET"]}}],"collection":[{"href":"https:\/\/www.voncoers.com\/fr\/wp-json\/wp\/v2\/product"}],"about":[{"href":"https:\/\/www.voncoers.com\/fr\/wp-json\/wp\/v2\/types\/product"}],"wp:featuredmedia":[{"embeddable":true,"href":"https:\/\/www.voncoers.com\/fr\/wp-json\/wp\/v2\/media\/682"}],"wp:attachment":[{"href":"https:\/\/www.voncoers.com\/fr\/wp-json\/wp\/v2\/media?parent=1728"}],"wp:term":[{"taxonomy":"product_brand","embeddable":true,"href":"https:\/\/www.voncoers.com\/fr\/wp-json\/wp\/v2\/product_brand?post=1728"},{"taxonomy":"product_cat","embeddable":true,"href":"https:\/\/www.voncoers.com\/fr\/wp-json\/wp\/v2\/product_cat?post=1728"},{"taxonomy":"product_tag","embeddable":true,"href":"https:\/\/www.voncoers.com\/fr\/wp-json\/wp\/v2\/product_tag?post=1728"}],"curies":[{"name":"wp","href":"https:\/\/api.w.org\/{rel}","templated":true}]}}