{"id":2106,"date":"2021-02-18T19:52:47","date_gmt":"2021-02-18T18:52:48","guid":{"rendered":"https:\/\/www.voncoers.com\/?post_type=product&#038;p=2106"},"modified":"2021-02-19T21:52:34","modified_gmt":"2021-02-19T20:52:34","slug":"tanya-en-crepe-de-laine-bleu","status":"publish","type":"product","link":"https:\/\/www.voncoers.com\/fr\/produit\/tanya-en-crepe-de-laine-bleu\/","title":{"rendered":"Tanya en cr\u00eape de laine bleu"},"content":{"rendered":"","protected":false},"excerpt":{"rendered":"<p>\u00a0 <span style=\"font-weight: 400;\">Rien n&rsquo;est plus flatteur pour chaque forme de corps qu&rsquo;une tunique. Il peut transformer n&rsquo;importe quelle paire de pantalons en une tenue \u00e9l\u00e9gante et f\u00e9minine, peu importe s&rsquo;il s&rsquo;agit d&rsquo;un pantalon classique ou d&rsquo;un jean slim. Vous allez adorer Tanya, une tunique \u00e0 manches courtes faite d&rsquo;un beau cr\u00eape de laine l\u00e9g\u00e8re. <\/span> <span style=\"font-weight: 400;\">Le mannequin mesure 172 cm. Longueur tunique 70 cm.\u00a0<\/span> <span style=\"font-weight: 400;\">Tissu: 100% laine<\/span> <span style=\"font-weight: 400;\">Entretien: Nettoyage \u00e0 sec ou lavage \u00e0 la main froide<\/span> \u00a0<\/p>\n","protected":false},"featured_media":2113,"template":"","meta":[],"product_brand":[],"product_cat":[585],"product_tag":[],"class_list":{"0":"post-2106","1":"product","2":"type-product","3":"status-publish","4":"has-post-thumbnail","6":"product_cat-tunics-fr","8":"first","9":"instock","10":"sold-individually","11":"shipping-taxable","12":"purchasable","13":"product-type-variable"},"_links":{"self":[{"href":"https:\/\/www.voncoers.com\/fr\/wp-json\/wp\/v2\/product\/2106","targetHints":{"allow":["GET"]}}],"collection":[{"href":"https:\/\/www.voncoers.com\/fr\/wp-json\/wp\/v2\/product"}],"about":[{"href":"https:\/\/www.voncoers.com\/fr\/wp-json\/wp\/v2\/types\/product"}],"wp:featuredmedia":[{"embeddable":true,"href":"https:\/\/www.voncoers.com\/fr\/wp-json\/wp\/v2\/media\/2113"}],"wp:attachment":[{"href":"https:\/\/www.voncoers.com\/fr\/wp-json\/wp\/v2\/media?parent=2106"}],"wp:term":[{"taxonomy":"product_brand","embeddable":true,"href":"https:\/\/www.voncoers.com\/fr\/wp-json\/wp\/v2\/product_brand?post=2106"},{"taxonomy":"product_cat","embeddable":true,"href":"https:\/\/www.voncoers.com\/fr\/wp-json\/wp\/v2\/product_cat?post=2106"},{"taxonomy":"product_tag","embeddable":true,"href":"https:\/\/www.voncoers.com\/fr\/wp-json\/wp\/v2\/product_tag?post=2106"}],"curies":[{"name":"wp","href":"https:\/\/api.w.org\/{rel}","templated":true}]}}