{"id":2183,"date":"2023-07-17T14:32:14","date_gmt":"2023-07-17T12:32:14","guid":{"rendered":"https:\/\/www.voncoers.com\/product\/tanya-in-blue-wool-crepe\/"},"modified":"2023-07-17T14:41:26","modified_gmt":"2023-07-17T12:41:26","slug":"tanya-en-crepe-de-laine-bleu-2","status":"publish","type":"product","link":"https:\/\/www.voncoers.com\/fr\/produit\/tanya-en-crepe-de-laine-bleu-2\/","title":{"rendered":"Tanya en crepe de laine bleu"},"content":{"rendered":"","protected":false},"excerpt":{"rendered":"<p>Rien n\u2019est plus flatteur pour chaque forme de corps qu\u2019une tunique. Il peut transformer n\u2019importe quelle paire de pantalons en une tenue \u00e9l\u00e9gante et f\u00e9minine, peu importe s\u2019il s\u2019agit d\u2019un pantalon classique ou d\u2019un jean slim. Vous allez adorer Tanya, une tunique \u00e0 manches courtes faite d\u2019un beau cr\u00eape de laine l\u00e9g\u00e8re.\u00a0Le mannequin mesure 172 cm. Longueur tunique 70 cm.\u00a0\u00a0Tissu: 100% laine\u00a0Entretien: Nettoyage \u00e0 sec ou lavage \u00e0 la main froide\u00a0<\/p>\n","protected":false},"featured_media":2113,"template":"","meta":[],"product_brand":[],"product_cat":[585],"product_tag":[],"class_list":{"0":"post-2183","1":"product","2":"type-product","3":"status-publish","4":"has-post-thumbnail","6":"product_cat-tunics-fr","8":"first","9":"instock","10":"shipping-taxable","11":"purchasable","12":"product-type-variable"},"_links":{"self":[{"href":"https:\/\/www.voncoers.com\/fr\/wp-json\/wp\/v2\/product\/2183","targetHints":{"allow":["GET"]}}],"collection":[{"href":"https:\/\/www.voncoers.com\/fr\/wp-json\/wp\/v2\/product"}],"about":[{"href":"https:\/\/www.voncoers.com\/fr\/wp-json\/wp\/v2\/types\/product"}],"wp:featuredmedia":[{"embeddable":true,"href":"https:\/\/www.voncoers.com\/fr\/wp-json\/wp\/v2\/media\/2113"}],"wp:attachment":[{"href":"https:\/\/www.voncoers.com\/fr\/wp-json\/wp\/v2\/media?parent=2183"}],"wp:term":[{"taxonomy":"product_brand","embeddable":true,"href":"https:\/\/www.voncoers.com\/fr\/wp-json\/wp\/v2\/product_brand?post=2183"},{"taxonomy":"product_cat","embeddable":true,"href":"https:\/\/www.voncoers.com\/fr\/wp-json\/wp\/v2\/product_cat?post=2183"},{"taxonomy":"product_tag","embeddable":true,"href":"https:\/\/www.voncoers.com\/fr\/wp-json\/wp\/v2\/product_tag?post=2183"}],"curies":[{"name":"wp","href":"https:\/\/api.w.org\/{rel}","templated":true}]}}